{"id":833,"date":"2015-11-24T20:35:44","date_gmt":"2015-11-24T20:35:44","guid":{"rendered":"http:\/\/futurasoftware.com\/fs\/?page_id=833"},"modified":"2015-11-25T18:38:12","modified_gmt":"2015-11-25T18:38:12","slug":"quienes-somos-1","status":"publish","type":"page","link":"https:\/\/futurasoftware.com\/fs\/quienes-somos-1\/","title":{"rendered":"Quienes somos&#8230;"},"content":{"rendered":"<p><a href=\"http:\/\/futurasoftware.com\/fs\/wp-content\/uploads\/2015\/11\/descarga-1.jpg\"><img loading=\"lazy\" decoding=\"async\" class=\"alignnone wp-image-841\" src=\"http:\/\/futurasoftware.com\/fs\/wp-content\/uploads\/2015\/11\/descarga-1-300x55.jpg\" alt=\"descarga (1)\" width=\"840\" height=\"154\" srcset=\"https:\/\/futurasoftware.com\/fs\/wp-content\/uploads\/2015\/11\/descarga-1-300x55.jpg 300w, https:\/\/futurasoftware.com\/fs\/wp-content\/uploads\/2015\/11\/descarga-1-400x73.jpg 400w, https:\/\/futurasoftware.com\/fs\/wp-content\/uploads\/2015\/11\/descarga-1.jpg 523w\" sizes=\"auto, (max-width: 840px) 100vw, 840px\" \/><\/a><\/p>\n<p><strong>Futura Software<\/strong> fu\u00e9 fundada en el a\u00f1o 1992 con el prop\u00f3sito de crear aplicaciones de software que estuvieran a la vanguardia en el uso de tecnolog\u00eda. Durante sus comienzos implement\u00f3 programas para el sector de los seguros y a partir de 1993 se enfoc\u00f3 en el mercado de las loter\u00edas y su red de distribuidores. Entre 1993 y 1994 public\u00f3 en alianza con otras compa\u00f1\u00edas aplicativos para la lectura de devoluciones y premios que se convirtieron en est\u00e1ndares al ser seleccionados como productos base para la red de distribuidores de loter\u00edas como <strong>Atl\u00e1ntico<\/strong> y la <strong>9 Millonaria<\/strong>.<\/p>\n<p>Entre 1994 y 1995 desarroll\u00f3 para la <strong>Loter\u00eda del Atl\u00e1ntico<\/strong> los primeros procesos para la lectura de devoluciones de su red local de distribuidores con el fin de abolir el escrutinio manual de premios y obtener desde el sistema los listados de <strong>Premios en\u00a0 Poder del P\u00fablico (PPP)<\/strong>.<\/p>\n<p>Durante \u00e9ste mismo periodo, revolucion\u00f3 el sistema de devoluciones al implementar el <strong>proceso v\u00eda m\u00f3dem<\/strong> como sustituto del fax que posteriormente se convirti\u00f3 en est\u00e1ndar mediante un formato de archivo plano definido en conjunto con la <strong>Super Intendencia Nacional de Salud<\/strong>.<\/p>\n<p>En 1996 comenz\u00f3 el desarrollo del \u201c<strong>Sistema Para\u00edso\u201d,<\/strong> su producto insignia<strong>,<\/strong> con el fin de ofrecer a las Loter\u00edas y su red de distribuidores una herramienta que integrara bajo una contabilidad en l\u00ednea la informaci\u00f3n de los procesos de facturaci\u00f3n, cartera, inventario de billeter\u00eda, liquidaci\u00f3n de premios, pagos de sorteos y lectura de devoluciones.<\/p>\n<p><strong>Futura Software<\/strong>, \u00a0fue la primera compa\u00f1\u00eda en implementar el proceso de <strong>Devoluciones Via internet<\/strong> sin el requerimiento de servidores de correo intermedio, que ofrec\u00eda una confirmaci\u00f3n en l\u00ednea y un chat que evitaba las llamadas de verificaci\u00f3n por parte del distribuidor. \u00a0Dicho proceso despert\u00f3 el inter\u00e9s sobre el <strong>uso de internet<\/strong> como alternativa eficaz y segura sobre la plataforma basada en m\u00f3dems.<\/p>\n<p>El sistema \u201c<strong>Para\u00edso\u201d <\/strong>ha sido instalado y probado en loter\u00edas como <strong>Atl\u00e1ntico, Vallenata, Caquet\u00e1, Guajira<\/strong> y hoy opera en grandes, medianos y peque\u00f1os distribuidores ubicados en departamentos como: <strong>Atl\u00e1ntico<\/strong>, <strong>Bolivar<\/strong>, <strong>Magdalena<\/strong>\u00a0, <strong>Santander del Norte<\/strong>\u00a0, <strong>Santander<\/strong>\u00a0, <strong>Bogot\u00e1 y Cundinamarca <\/strong>, <strong>Tolima <\/strong>,<strong> Caldas ,<\/strong>\u00a0<strong>Risaralda<\/strong>, <strong>Cauca <\/strong>, <strong>Casanare<\/strong>, <strong>Cesar<\/strong>, <strong>Arauca<\/strong>, <strong>C\u00f3rdoba<\/strong>, <strong>Sucre<\/strong>\u00a0, <strong>Huila<\/strong>\u00a0, <strong>Quind\u00edo <\/strong>\u00a0y <strong>Valle<\/strong>\u00a0.<br \/>\n<strong><br \/>\nFutura software<\/strong> ha sido durante 22 a\u00f1os punto de referencia en el \u00e1rea tecnol\u00f3gica para el <strong>sector de las Loter\u00edas y sus distribuidores a nivel nacional<\/strong>, brindando adem\u00e1s soporte t\u00e9cnico permanente y asesor\u00eda importante a su red de usuarios.<\/p>\n<p>&nbsp;<\/p>\n","protected":false},"excerpt":{"rendered":"<p>Futura Software fu\u00e9 fundada en el a\u00f1o 1992 con el prop\u00f3sito de crear aplicaciones de software que estuvieran a la vanguardia en el uso de tecnolog\u00eda. Durante sus comienzos implement\u00f3 programas para el sector de los seguros y a partir de 1993 se enfoc\u00f3 en el mercado de las loter\u00edas y su red de distribuidores. [&hellip;]<\/p>\n","protected":false},"author":1,"featured_media":0,"parent":0,"menu_order":0,"comment_status":"closed","ping_status":"closed","template":"","meta":{"jetpack_post_was_ever_published":false,"footnotes":""},"class_list":["post-833","page","type-page","status-publish","hentry"],"jetpack_shortlink":"https:\/\/wp.me\/P5EZSw-dr","jetpack_sharing_enabled":true,"_links":{"self":[{"href":"https:\/\/futurasoftware.com\/fs\/wp-json\/wp\/v2\/pages\/833","targetHints":{"allow":["GET"]}}],"collection":[{"href":"https:\/\/futurasoftware.com\/fs\/wp-json\/wp\/v2\/pages"}],"about":[{"href":"https:\/\/futurasoftware.com\/fs\/wp-json\/wp\/v2\/types\/page"}],"author":[{"embeddable":true,"href":"https:\/\/futurasoftware.com\/fs\/wp-json\/wp\/v2\/users\/1"}],"replies":[{"embeddable":true,"href":"https:\/\/futurasoftware.com\/fs\/wp-json\/wp\/v2\/comments?post=833"}],"version-history":[{"count":7,"href":"https:\/\/futurasoftware.com\/fs\/wp-json\/wp\/v2\/pages\/833\/revisions"}],"predecessor-version":[{"id":893,"href":"https:\/\/futurasoftware.com\/fs\/wp-json\/wp\/v2\/pages\/833\/revisions\/893"}],"wp:attachment":[{"href":"https:\/\/futurasoftware.com\/fs\/wp-json\/wp\/v2\/media?parent=833"}],"curies":[{"name":"wp","href":"https:\/\/api.w.org\/{rel}","templated":true}]}}