{"id":816,"date":"2015-11-23T03:26:56","date_gmt":"2015-11-23T03:26:56","guid":{"rendered":"http:\/\/futurasoftware.com\/fs\/?page_id=816"},"modified":"2025-10-06T00:50:17","modified_gmt":"2025-10-06T00:50:17","slug":"inicio-2","status":"publish","type":"page","link":"https:\/\/futurasoftware.com\/fs\/","title":{"rendered":"Inicio"},"content":{"rendered":"<p style=\"text-align: left;\"><span style=\"color: #264c84; font-family: Impact; font-size: large; line-height: 1.5em;\">Qu\u00e9 hacer ante una falla severa en el sistema en plena lectura de devoluciones?.<br \/>\n<\/span><span style=\"color: #000000;\"><span style=\"color: #1d2129;\">Nadie est\u00e1 exento de que se presente una falla grave en plena devoluci\u00f3n.<br \/>\nLa siguiente sesi\u00f3n ilustra la forma en que \u201cPara\u00edso\u201d y el nuevo m\u00f3dulo \u201cDataRest\u201d se encargan de proteger su devoluci\u00f3n guard\u00e1ndola autom\u00e1ticamente<br \/>\nen un servidor externo en la nube. De esta forma es posible enviar la informaci\u00f3n ya procesada aun cuando su sistema haya colapsado.<strong>. <a href=\"http:\/\/futurasoftware.com\/fs\/resumen-de-videos\/\">&lt;Ver mas videos&gt;<\/a><\/strong><\/span><\/span><\/p>\n<p><iframe loading=\"lazy\" title=\"Qu\u00e9 hacer ante una falla severa en el sistema en plena lectura de devoluciones?\" width=\"680\" height=\"383\" src=\"https:\/\/www.youtube.com\/embed\/2guVdbYi8s4?feature=oembed\" frameborder=\"0\" allow=\"accelerometer; autoplay; clipboard-write; encrypted-media; gyroscope; picture-in-picture; web-share\" referrerpolicy=\"strict-origin-when-cross-origin\" allowfullscreen><\/iframe><\/p>\n<p><span style=\"color: #264c84; font-family: Impact; font-size: large; line-height: 1.5em;\">Liquidando f\u00e1cilmente fracciones premiadas de loter\u00eda.<br \/>\n<\/span><strong>Te invito a ver el siguiente video que ilustra la forma de liquidar fracciones premiadas a trav\u00e9s del m\u00f3dulo de Premios del Sistema Para\u00edso.<\/strong><br \/>\n<strong>Este m\u00f3dulo hace parte integral del Sistema para distribuidores de loter\u00eda y tambi\u00e9n puede adquirirse de manera separada para integrarlo a los aplicativos ya instalados en tu empresa. <a href=\"http:\/\/futurasoftware.com\/fs\/resumen-de-videos\/\">&lt;Ver mas videos&gt;<\/a><\/strong><br \/>\n<iframe loading=\"lazy\" src=\"https:\/\/www.youtube.com\/embed\/HhR6029_6rE\" width=\"680\" height=\"413\" frameborder=\"0\" allowfullscreen=\"allowfullscreen\"><\/iframe><\/p>\n<p style=\"text-align: left;\"><span style=\"color: #264c84; font-family: Impact; font-size: large; line-height: 1.5em;\">Para\u00edso, el sistema que le vendr\u00e1 muy bien a tu agencia de Loter\u00edas.<br \/>\n<\/span><span style=\"color: #000000;\"><b>Moderniza tu distribuidora de loter\u00edas con una <a href=\"http:\/\/futurasoftware.com\/fs\/paraiso\/\">herramienta de software<\/a> que brinda seguridad, agilidad y productividad a tu empres<\/b><\/span><\/p>\n<p style=\"text-align: left;\"><a href=\"http:\/\/futurasoftware.com\/fs\/datarest\/\" rel=\"attachment wp-att-1029\"><img loading=\"lazy\" decoding=\"async\" class=\"alignleft wp-image-1029\" src=\"http:\/\/futurasoftware.com\/fs\/wp-content\/uploads\/2016\/03\/Logo-Datarest.png\" alt=\"Logo Datarest\" width=\"72\" height=\"70\" srcset=\"https:\/\/futurasoftware.com\/fs\/wp-content\/uploads\/2016\/03\/Logo-Datarest.png 101w, https:\/\/futurasoftware.com\/fs\/wp-content\/uploads\/2016\/03\/Logo-Datarest-93x90.png 93w, https:\/\/futurasoftware.com\/fs\/wp-content\/uploads\/2016\/03\/Logo-Datarest-50x50.png 50w\" sizes=\"auto, (max-width: 72px) 100vw, 72px\" \/><\/a><\/p>\n<p style=\"text-align: left;\"><span style=\"color: #264c84; font-family: Impact; font-size: large; line-height: 1.5em;\">Ya tenemos listo el Plan B para proteger las devoluciones de loter\u00eda.<br \/>\n<\/span><\/p>\n<p style=\"text-align: left;\"><strong>DataResp<\/strong>\u00a0es el plan de contingencia\u00a0para distribuidores de loteria<br \/>\nque\u00a0almacena la\u00a0devoluci\u00f3n en la<strong> nube<\/strong> y\u00a0protege los datos por fallas\u00a0de ultima hora.<\/p>\n<p style=\"text-align: right;\"><strong><a href=\"http:\/\/futurasoftware.com\/fs\/datarest\/\">&#8211; Leer mas&#8230;<\/a><\/strong><\/p>\n<hr \/>\n<table style=\"height: 394px;\" width=\"1002\">\n<tbody>\n<tr>\n<td style=\"text-align: center;\"><strong>Data-Flex<\/strong><\/td>\n<td style=\"text-align: center;\"><strong>Paraiso<\/strong><\/td>\n<td style=\"text-align: center;\"><strong>Data Resp<\/strong><\/td>\n<\/tr>\n<tr>\n<td><a href=\"http:\/\/futurasoftware.com\/fs\/data-flex\/\"><img loading=\"lazy\" decoding=\"async\" class=\"wp-image-1042 size-full aligncenter\" src=\"http:\/\/futurasoftware.com\/fs\/wp-content\/uploads\/2016\/03\/DataFlex-azul-peq.png\" alt=\"DataFlex - azul-peq\" width=\"119\" height=\"100\" \/><\/a><\/td>\n<td><a href=\"http:\/\/futurasoftware.com\/fs\/paraiso\/\"><img loading=\"lazy\" decoding=\"async\" class=\"wp-image-1001 size-full aligncenter\" src=\"http:\/\/futurasoftware.com\/fs\/wp-content\/uploads\/2015\/11\/icono-paraiso-web.png\" alt=\"icono paraiso-web\" width=\"119\" height=\"114\" srcset=\"https:\/\/futurasoftware.com\/fs\/wp-content\/uploads\/2015\/11\/icono-paraiso-web.png 119w, https:\/\/futurasoftware.com\/fs\/wp-content\/uploads\/2015\/11\/icono-paraiso-web-94x90.png 94w\" sizes=\"auto, (max-width: 119px) 100vw, 119px\" \/><\/a><\/td>\n<td><a href=\"http:\/\/futurasoftware.com\/fs\/datarest\/\"><img loading=\"lazy\" decoding=\"async\" class=\"wp-image-1040 size-full aligncenter\" src=\"http:\/\/futurasoftware.com\/fs\/wp-content\/uploads\/2015\/11\/Logo-Datarest-web1.png\" alt=\"Logo Datarest-web1\" width=\"126\" height=\"114\" \/><\/a><\/td>\n<\/tr>\n<tr>\n<td>\n<p style=\"text-align: left;\"><strong>Data- Flex\u00a0<\/strong>ofrece a<br \/>\nlas\u00a0compa\u00f1ias,\u00a0<strong>sistemas contables a la medida, <\/strong>flexibles y bajo r\u00e1pidos\u00a0tiempos de implementaci\u00f3n.<\/p>\n<p><strong><a href=\"http:\/\/futurasoftware.com\/fs\/data-flex\/\">Leer mas&#8230;.<\/a><\/strong><\/td>\n<td style=\"text-align: left;\"><strong>\u00abParaiso\u00bb <\/strong>proporciona\u00a0a las empresas comercializadoras de loter\u00eda, todas las herramientas que facilitan la administraci\u00f3n de la billeteria fisica.<strong><a href=\"http:\/\/futurasoftware.com\/fs\/paraiso\/\">Leer mas&#8230;<\/a><\/strong><\/td>\n<td style=\"text-align: left;\"><strong>DataResp<\/strong>\u00a0es el plan de contingencia\u00a0para distribuidores de loteria,<br \/>\nque\u00a0almacena las devoluciones en la nube y\u00a0protege los datos por fallas\u00a0de \u00faltima hora.<strong><a href=\"http:\/\/futurasoftware.com\/fs\/datarest\/\">Leer mas&#8230;<\/a><\/strong><\/td>\n<\/tr>\n<\/tbody>\n<\/table>\n","protected":false},"excerpt":{"rendered":"<p>Qu\u00e9 hacer ante una falla severa en el sistema en plena lectura de devoluciones?. Nadie est\u00e1 exento de que se presente una falla grave en plena devoluci\u00f3n. La siguiente sesi\u00f3n ilustra la forma en que \u201cPara\u00edso\u201d y el nuevo m\u00f3dulo \u201cDataRest\u201d se encargan de proteger su devoluci\u00f3n guard\u00e1ndola autom\u00e1ticamente en un servidor externo en la [&hellip;]<\/p>\n","protected":false},"author":1,"featured_media":0,"parent":0,"menu_order":0,"comment_status":"0","ping_status":"closed","template":"","meta":{"jetpack_post_was_ever_published":false,"footnotes":""},"class_list":["post-816","page","type-page","status-publish","hentry"],"jetpack_shortlink":"https:\/\/wp.me\/P5EZSw-da","jetpack_sharing_enabled":false,"_links":{"self":[{"href":"https:\/\/futurasoftware.com\/fs\/wp-json\/wp\/v2\/pages\/816","targetHints":{"allow":["GET"]}}],"collection":[{"href":"https:\/\/futurasoftware.com\/fs\/wp-json\/wp\/v2\/pages"}],"about":[{"href":"https:\/\/futurasoftware.com\/fs\/wp-json\/wp\/v2\/types\/page"}],"author":[{"embeddable":true,"href":"https:\/\/futurasoftware.com\/fs\/wp-json\/wp\/v2\/users\/1"}],"replies":[{"embeddable":true,"href":"https:\/\/futurasoftware.com\/fs\/wp-json\/wp\/v2\/comments?post=816"}],"version-history":[{"count":112,"href":"https:\/\/futurasoftware.com\/fs\/wp-json\/wp\/v2\/pages\/816\/revisions"}],"predecessor-version":[{"id":1548,"href":"https:\/\/futurasoftware.com\/fs\/wp-json\/wp\/v2\/pages\/816\/revisions\/1548"}],"wp:attachment":[{"href":"https:\/\/futurasoftware.com\/fs\/wp-json\/wp\/v2\/media?parent=816"}],"curies":[{"name":"wp","href":"https:\/\/api.w.org\/{rel}","templated":true}]}}