{"id":1244,"date":"2017-07-12T00:49:06","date_gmt":"2017-07-12T00:49:06","guid":{"rendered":"http:\/\/futurasoftware.com\/fs\/?page_id=1244"},"modified":"2017-12-09T16:18:38","modified_gmt":"2017-12-09T16:18:38","slug":"resumen-de-videos","status":"publish","type":"page","link":"https:\/\/futurasoftware.com\/fs\/resumen-de-videos\/","title":{"rendered":"Resumen de videos"},"content":{"rendered":"<p><span style=\"color: #264c84; font-family: Impact; font-size: large; line-height: 1.5em;\">Presentamos la manera mas eficiente de llenar planillas y codificar planes de premios!.<br \/>\n<\/span><span style=\"color: #000000;\"><b>Las listas de resultados y los planes de premios pueden ser descargados desde nuestro servidor en la nube. Un nuevo servicio que ahorra tiempo e incrementa la seguridad y consistencia en los datos.<\/b><\/span><br \/>\n<iframe loading=\"lazy\" src=\"https:\/\/www.youtube.com\/embed\/Ly9HOZjTcas\" width=\"680\" height=\"413\" frameborder=\"0\" allowfullscreen=\"allowfullscreen\"><\/iframe><\/p>\n<p><span style=\"color: #264c84; font-family: Impact; font-size: large; line-height: 1.5em;\">Liquidando f\u00e1cilmente fracciones premiadas de loter\u00eda.<br \/>\n<\/span><strong>Te invito a ver el siguiente video que ilustra la forma de liquidar fracciones premiadas a trav\u00e9s del m\u00f3dulo de Premios del Sistema Para\u00edso.<\/strong><br \/>\n<strong>Este m\u00f3dulo hace parte integral del Sistema para distribuidores de loter\u00eda y tambi\u00e9n puede adquirirse de manera separada para integrarlo a los aplicativos ya instalados en tu empresa.<\/strong><br \/>\n<iframe loading=\"lazy\" src=\"https:\/\/www.youtube.com\/embed\/HhR6029_6rE\" width=\"680\" height=\"413\" frameborder=\"0\" allowfullscreen=\"allowfullscreen\"><\/iframe><\/p>\n<p><span style=\"color: #264c84; font-family: Impact; font-size: large; line-height: 1.5em;\">Qu\u00e9 hacer ante una falla severa en el sistema en plena lectura de devoluciones?.<br \/>\n<\/span><strong>Aun cuando se tomen todas las medidas de seguridad, nadie est\u00e1 exento de que se presente una falla grave en plena devoluci\u00f3n.<br \/>\nLa siguiente sesi\u00f3n ilustra la forma en que \u201cPara\u00edso\u201d y el nuevo m\u00f3dulo \u201cDataRest\u201d se encargan de proteger su devoluci\u00f3n guard\u00e1ndola autom\u00e1ticamente<br \/>\nen un servidor externo en la nube. De esta forma es posible enviar la informaci\u00f3n ya procesada aun cuando su sistema haya colapsado.<\/strong><strong>. <a href=\"http:\/\/futurasoftware.com\/fs\/resumen-de-videos\/\">&lt;Ver mas videos&gt;<\/a><\/strong><\/p>\n<p><iframe loading=\"lazy\" width=\"680\" height=\"383\" src=\"https:\/\/www.youtube.com\/embed\/2guVdbYi8s4?feature=oembed\" frameborder=\"0\" allow=\"accelerometer; autoplay; encrypted-media; gyroscope; picture-in-picture\" allowfullscreen><\/iframe><\/p>\n","protected":false},"excerpt":{"rendered":"<p>Presentamos la manera mas eficiente de llenar planillas y codificar planes de premios!. Las listas de resultados y los planes de premios pueden ser descargados desde nuestro servidor en la nube. Un nuevo servicio que ahorra tiempo e incrementa la seguridad y consistencia en los datos. Liquidando f\u00e1cilmente fracciones premiadas de loter\u00eda. Te invito a [&hellip;]<\/p>\n","protected":false},"author":1,"featured_media":0,"parent":0,"menu_order":0,"comment_status":"0","ping_status":"closed","template":"","meta":{"jetpack_post_was_ever_published":false,"footnotes":""},"class_list":["post-1244","page","type-page","status-publish","hentry"],"jetpack_shortlink":"https:\/\/wp.me\/P5EZSw-k4","jetpack_sharing_enabled":true,"_links":{"self":[{"href":"https:\/\/futurasoftware.com\/fs\/wp-json\/wp\/v2\/pages\/1244","targetHints":{"allow":["GET"]}}],"collection":[{"href":"https:\/\/futurasoftware.com\/fs\/wp-json\/wp\/v2\/pages"}],"about":[{"href":"https:\/\/futurasoftware.com\/fs\/wp-json\/wp\/v2\/types\/page"}],"author":[{"embeddable":true,"href":"https:\/\/futurasoftware.com\/fs\/wp-json\/wp\/v2\/users\/1"}],"replies":[{"embeddable":true,"href":"https:\/\/futurasoftware.com\/fs\/wp-json\/wp\/v2\/comments?post=1244"}],"version-history":[{"count":6,"href":"https:\/\/futurasoftware.com\/fs\/wp-json\/wp\/v2\/pages\/1244\/revisions"}],"predecessor-version":[{"id":1275,"href":"https:\/\/futurasoftware.com\/fs\/wp-json\/wp\/v2\/pages\/1244\/revisions\/1275"}],"wp:attachment":[{"href":"https:\/\/futurasoftware.com\/fs\/wp-json\/wp\/v2\/media?parent=1244"}],"curies":[{"name":"wp","href":"https:\/\/api.w.org\/{rel}","templated":true}]}}