{"id":1085,"date":"2016-03-13T18:24:52","date_gmt":"2016-03-13T18:24:52","guid":{"rendered":"http:\/\/futurasoftware.com\/fs\/?page_id=1085"},"modified":"2016-03-14T02:05:26","modified_gmt":"2016-03-14T02:05:26","slug":"data-flex","status":"publish","type":"page","link":"https:\/\/futurasoftware.com\/fs\/data-flex\/","title":{"rendered":"Data-Flex"},"content":{"rendered":"<p style=\"text-align: left;\"><span style=\"color: #264c84; font-family: Impact; font-size: large; line-height: 1.5em;\">Busca un sistema contable a la medida?.<\/span><span style=\"color: #264c84; font-family: Impact; font-size: large; line-height: 1.5em;\"><a href=\"http:\/\/futurasoftware.com\/fs\/wp-content\/uploads\/2016\/03\/DataFlex-azul-peq.png\" rel=\"attachment wp-att-1042\"><br \/>\n<\/a><\/span><b>Data-Flex\u00a0<\/b>es el punto de partida para las empresas que requieran un <b>sistema contable b\u00e1sico<\/b> que se <b>adapte a necesidades<\/b> espec\u00edficas sin incurrir en largos tiempos y altos costos de desarrollo.<b><span style=\"color: #0000ff;\"><img loading=\"lazy\" decoding=\"async\" class=\"size-full wp-image-1042 alignleft\" src=\"http:\/\/futurasoftware.com\/fs\/wp-content\/uploads\/2016\/03\/DataFlex-azul-peq.png\" alt=\"DataFlex - azul-peq\" width=\"126\" height=\"100\" srcset=\"https:\/\/futurasoftware.com\/fs\/wp-content\/uploads\/2016\/03\/DataFlex-azul-peq.png 126w, https:\/\/futurasoftware.com\/fs\/wp-content\/uploads\/2016\/03\/DataFlex-azul-peq-113x90.png 113w\" sizes=\"auto, (max-width: 126px) 100vw, 126px\" \/><\/span><\/b><\/p>\n<p><span style=\"color: #264c84; font-family: Impact; font-size: large; line-height: 1.5em;\">Data-Flex: Maduro y flexible .<\/span><span style=\"color: #264c84; font-family: Impact; font-size: large; line-height: 1.5em;\"><a href=\"http:\/\/futurasoftware.com\/fs\/wp-content\/uploads\/2016\/03\/DataFlex-azul-peq.png\" rel=\"attachment wp-att-1042\"><br \/>\n<\/a><\/span><span style=\"color: #000000;\"><b>Data-Flex<\/b><\/span> es el resultado de <b>20 a\u00f1os de experiencia<\/b> adquiridos por <b>Futura Software<\/b> en el desarrollo de sistemas contables y utilitarios robustos para peque\u00f1as, medianas y grandes empresas. Sistemas que hoy proporcionan eficiencia y seguridad junto a interfaces de usuario flexibles y f\u00e1ciles de utilizar.<br \/>\n<b>Data-Flex<\/b>\u00a0es el <b>punto de partida<\/b> para las empresas que requieran un sistema contable b\u00e1sico que opcionalmente pueda ser <b>adaptado a necesidades<\/b> espec\u00edficas sin incurrir en largos tiempos y altos costos de implementaci\u00f3n.<\/p>\n<p><span style=\"color: #000080;\"><b>Los componentes b\u00e1sicos que usted necesita a trav\u00e9s de una interfase amigable de f\u00e1cil uso<br \/>\n<\/b><\/span>Encuentre en <b>Data-Flex<\/b>\u00a0las herramientas b\u00e1sicas para el proceso de documentos como recibos de caja, comprobantes de egreso, consignaciones, notas d\u00e9bito, cr\u00e9dito y notas de contabilidad, libros auxiliares, diarios y mayores, balance de prueba, estado de resultados y balance general.<\/p>\n<p><a href=\"http:\/\/futurasoftware.com\/fs\/wp-content\/uploads\/2016\/03\/Data-flex-fac-scr-cmd-gde-70.png\" rel=\"attachment wp-att-1177\"><img loading=\"lazy\" decoding=\"async\" class=\"alignnone size-full wp-image-1177\" src=\"http:\/\/futurasoftware.com\/fs\/wp-content\/uploads\/2016\/03\/Data-flex-fac-scr-cmd-gde-70.png\" alt=\"Data-flex-fac-scr-cmd-gde-70\" width=\"559\" height=\"510\" srcset=\"https:\/\/futurasoftware.com\/fs\/wp-content\/uploads\/2016\/03\/Data-flex-fac-scr-cmd-gde-70.png 559w, https:\/\/futurasoftware.com\/fs\/wp-content\/uploads\/2016\/03\/Data-flex-fac-scr-cmd-gde-70-400x365.png 400w, https:\/\/futurasoftware.com\/fs\/wp-content\/uploads\/2016\/03\/Data-flex-fac-scr-cmd-gde-70-300x274.png 300w, https:\/\/futurasoftware.com\/fs\/wp-content\/uploads\/2016\/03\/Data-flex-fac-scr-cmd-gde-70-460x420.png 460w, https:\/\/futurasoftware.com\/fs\/wp-content\/uploads\/2016\/03\/Data-flex-fac-scr-cmd-gde-70-99x90.png 99w\" sizes=\"auto, (max-width: 559px) 100vw, 559px\" \/><\/a><\/p>\n<p><b>Data-Flex<\/b> es un verdadero <b>asistente<\/b> ya que facilita a los usuarios finales la digitaci\u00f3n de informaci\u00f3n mediante comodines sin el requisito de conocimientos t\u00e9cnicos contables<\/p>\n<p><span style=\"color: #000080;\"><b>Auxiliares que realmente informan.<\/b><\/span><br \/>\nObtenga auxiliares con <b>informaci<span lang=\"es-co\">\u00f3n<\/span> cronol\u00f3gica<\/b> de los movimientos de las cuentas y visualice opcionalmente los documentos donde fueron generados.<br \/>\nExtienda adem\u00e1s su alcance exportando la informaci\u00f3n generada a formatos compatibles con hojas de calculo tipo <b>Excel y OpenOffice<\/b>.<br \/>\n<a href=\"http:\/\/futurasoftware.com\/fs\/wp-content\/uploads\/2016\/03\/DataFlex-aux-y-doc.png\" rel=\"attachment wp-att-1178\"><img loading=\"lazy\" decoding=\"async\" class=\"alignnone size-full wp-image-1178\" src=\"http:\/\/futurasoftware.com\/fs\/wp-content\/uploads\/2016\/03\/DataFlex-aux-y-doc.png\" alt=\"DataFlex aux-y-doc\" width=\"601\" height=\"475\" srcset=\"https:\/\/futurasoftware.com\/fs\/wp-content\/uploads\/2016\/03\/DataFlex-aux-y-doc.png 601w, https:\/\/futurasoftware.com\/fs\/wp-content\/uploads\/2016\/03\/DataFlex-aux-y-doc-400x316.png 400w, https:\/\/futurasoftware.com\/fs\/wp-content\/uploads\/2016\/03\/DataFlex-aux-y-doc-300x237.png 300w, https:\/\/futurasoftware.com\/fs\/wp-content\/uploads\/2016\/03\/DataFlex-aux-y-doc-460x364.png 460w, https:\/\/futurasoftware.com\/fs\/wp-content\/uploads\/2016\/03\/DataFlex-aux-y-doc-600x474.png 600w, https:\/\/futurasoftware.com\/fs\/wp-content\/uploads\/2016\/03\/DataFlex-aux-y-doc-114x90.png 114w\" sizes=\"auto, (max-width: 601px) 100vw, 601px\" \/><\/a><\/p>\n<p><span style=\"color: #000000;\"><b>Productividad y flexibilidad<\/b><\/span><br \/>\nAhorre tiempo digitando la informaci\u00f3n utilizando documentos parametrizados con comodinen que generan multiples registros a partir de un asiento base. Reutilice documentos ya digitados o simplemente genere asientos complejos basados en f\u00f3rmulas y variables definidas por el usuario. Personalice su impresi\u00f3n mediante el dise\u00f1ador de reportes integrado al sistema.<\/p>\n<p><span style=\"color: #000080;\"><b>Genere informaci\u00f3n portable a otras herramientas<\/b><\/span><br \/>\nSi\u00e9ntase como si estuviera en su hoja de c\u00e1lculo, combine saldos de cuentas con f\u00f3rmulas y genere reportes vivos y listos para ser utilizados directamente en Excel u OpenOffice sin necesidad de exportarlos ni adaptarlos.<\/p>\n<p><a href=\"http:\/\/futurasoftware.com\/fs\/wp-content\/uploads\/2016\/03\/Data-Flex-docs.png\" rel=\"attachment wp-att-1179\"><img loading=\"lazy\" decoding=\"async\" class=\"alignnone size-full wp-image-1179\" src=\"http:\/\/futurasoftware.com\/fs\/wp-content\/uploads\/2016\/03\/Data-Flex-docs.png\" alt=\"Data-Flex-docs\" width=\"654\" height=\"451\" srcset=\"https:\/\/futurasoftware.com\/fs\/wp-content\/uploads\/2016\/03\/Data-Flex-docs.png 654w, https:\/\/futurasoftware.com\/fs\/wp-content\/uploads\/2016\/03\/Data-Flex-docs-400x276.png 400w, https:\/\/futurasoftware.com\/fs\/wp-content\/uploads\/2016\/03\/Data-Flex-docs-300x207.png 300w, https:\/\/futurasoftware.com\/fs\/wp-content\/uploads\/2016\/03\/Data-Flex-docs-460x317.png 460w, https:\/\/futurasoftware.com\/fs\/wp-content\/uploads\/2016\/03\/Data-Flex-docs-600x414.png 600w, https:\/\/futurasoftware.com\/fs\/wp-content\/uploads\/2016\/03\/Data-Flex-docs-120x83.png 120w\" sizes=\"auto, (max-width: 654px) 100vw, 654px\" \/><\/a><\/p>\n<p><a href=\"http:\/\/futurasoftware.com\/fs\/wp-content\/uploads\/2016\/03\/Folleto-Data-Flex.pdf\" rel=\"attachment wp-att-1147\"><img loading=\"lazy\" decoding=\"async\" class=\"aligncenter wp-image-1147\" src=\"http:\/\/futurasoftware.com\/fs\/wp-content\/uploads\/2016\/03\/Down-pdf.png\" alt=\"Down pdf\" width=\"105\" height=\"110\" srcset=\"https:\/\/futurasoftware.com\/fs\/wp-content\/uploads\/2016\/03\/Down-pdf.png 181w, https:\/\/futurasoftware.com\/fs\/wp-content\/uploads\/2016\/03\/Down-pdf-86x90.png 86w\" sizes=\"auto, (max-width: 105px) 100vw, 105px\" \/><\/a><\/p>\n<p>&nbsp;<\/p>\n","protected":false},"excerpt":{"rendered":"<p>Busca un sistema contable a la medida?. Data-Flex\u00a0es el punto de partida para las empresas que requieran un sistema contable b\u00e1sico que se adapte a necesidades espec\u00edficas sin incurrir en largos tiempos y altos costos de desarrollo. Data-Flex: Maduro y flexible . Data-Flex es el resultado de 20 a\u00f1os de experiencia adquiridos por Futura Software [&hellip;]<\/p>\n","protected":false},"author":1,"featured_media":0,"parent":0,"menu_order":0,"comment_status":"0","ping_status":"closed","template":"","meta":{"jetpack_post_was_ever_published":false,"footnotes":""},"class_list":["post-1085","page","type-page","status-publish","hentry"],"jetpack_shortlink":"https:\/\/wp.me\/P5EZSw-hv","jetpack_sharing_enabled":true,"_links":{"self":[{"href":"https:\/\/futurasoftware.com\/fs\/wp-json\/wp\/v2\/pages\/1085","targetHints":{"allow":["GET"]}}],"collection":[{"href":"https:\/\/futurasoftware.com\/fs\/wp-json\/wp\/v2\/pages"}],"about":[{"href":"https:\/\/futurasoftware.com\/fs\/wp-json\/wp\/v2\/types\/page"}],"author":[{"embeddable":true,"href":"https:\/\/futurasoftware.com\/fs\/wp-json\/wp\/v2\/users\/1"}],"replies":[{"embeddable":true,"href":"https:\/\/futurasoftware.com\/fs\/wp-json\/wp\/v2\/comments?post=1085"}],"version-history":[{"count":11,"href":"https:\/\/futurasoftware.com\/fs\/wp-json\/wp\/v2\/pages\/1085\/revisions"}],"predecessor-version":[{"id":1197,"href":"https:\/\/futurasoftware.com\/fs\/wp-json\/wp\/v2\/pages\/1085\/revisions\/1197"}],"wp:attachment":[{"href":"https:\/\/futurasoftware.com\/fs\/wp-json\/wp\/v2\/media?parent=1085"}],"curies":[{"name":"wp","href":"https:\/\/api.w.org\/{rel}","templated":true}]}}