{"id":1083,"date":"2016-03-13T18:24:30","date_gmt":"2016-03-13T18:24:30","guid":{"rendered":"http:\/\/futurasoftware.com\/fs\/?page_id=1083"},"modified":"2017-12-09T16:35:59","modified_gmt":"2017-12-09T16:35:59","slug":"datarest","status":"publish","type":"page","link":"https:\/\/futurasoftware.com\/fs\/datarest\/","title":{"rendered":"DataResp"},"content":{"rendered":"<p style=\"text-align: left;\"><span style=\"color: #264c84; font-family: Impact; font-size: large; line-height: 1.5em;\">DeDataRest: Un plan de contingencia para las devoluciones, efectivo para loter\u00edas y distribuidores.<br \/>\n<\/span><\/p>\n<p style=\"text-align: left;\"><a href=\"http:\/\/futurasoftware.com\/fs\/wp-content\/uploads\/2016\/03\/Logo-Datarest.png\" rel=\"attachment wp-att-1029\"><img loading=\"lazy\" decoding=\"async\" class=\"size-full wp-image-1029 alignleft\" src=\"http:\/\/futurasoftware.com\/fs\/wp-content\/uploads\/2016\/03\/Logo-Datarest.png\" alt=\"Logo Datarest\" width=\"101\" height=\"98\" srcset=\"https:\/\/futurasoftware.com\/fs\/wp-content\/uploads\/2016\/03\/Logo-Datarest.png 101w, https:\/\/futurasoftware.com\/fs\/wp-content\/uploads\/2016\/03\/Logo-Datarest-93x90.png 93w, https:\/\/futurasoftware.com\/fs\/wp-content\/uploads\/2016\/03\/Logo-Datarest-50x50.png 50w\" sizes=\"auto, (max-width: 101px) 100vw, 101px\" \/><\/a>Por muchos a\u00f1os, los distribuidores de Loter\u00eda se enfrentan a inconvenientes de \u00f3rden legal cuando incumplen con los requerimientos exigidos al momento de <strong>enviar las devoluciones<\/strong>.<br \/>\nLas razones? &#8230;Las devoluciones pueden dejar de enviarse por inconvenientes de \u00faltima hora, tales como fallas en el fluido el\u00e9ctrico o de hardware unido a un bajo nivel de tolerancia debido a limites en tiempo.<\/p>\n<p style=\"text-align: left;\"><span style=\"color: #264c84; font-family: Impact; font-size: large; line-height: 1.5em;\">La soluci\u00f3n perfecta para salvaguardar los datos en la nube.<br \/>\n<\/span><strong>DataRest<\/strong>\u00a0combina la disponibilidad de servidores en la nube para almacenar las devoluciones aplicando pol\u00edticas de sincronizaci\u00f3n.<br \/>\nLas devoluciones se almacenan en la nube cada cierto intervalo de tiempo en el formato exigido por la <strong>Super Intendencia Nacional de Salud<\/strong>. Esta caracter\u00edstica permite su recuperaci\u00f3n y proceso por parte de los funcionarios de las loter\u00edas cuando se presentan eventos fortuitos que no permiten al distribuidor continuar con el proceso.<br \/>\nDe la misma forma se almacenan copias de los archivos en discos duros locales independientes del servidor.<\/p>\n<p style=\"text-align: left;\"><a href=\"http:\/\/futurasoftware.com\/fs\/wp-content\/uploads\/2016\/03\/DataRest-Pag1.png\" rel=\"attachment wp-att-1168\"><img loading=\"lazy\" decoding=\"async\" class=\"alignnone size-full wp-image-1168\" src=\"http:\/\/futurasoftware.com\/fs\/wp-content\/uploads\/2016\/03\/DataRest-Pag1.png\" alt=\"DataRest Pag1\" width=\"1097\" height=\"897\" srcset=\"https:\/\/futurasoftware.com\/fs\/wp-content\/uploads\/2016\/03\/DataRest-Pag1.png 1097w, https:\/\/futurasoftware.com\/fs\/wp-content\/uploads\/2016\/03\/DataRest-Pag1-400x327.png 400w, https:\/\/futurasoftware.com\/fs\/wp-content\/uploads\/2016\/03\/DataRest-Pag1-300x245.png 300w, https:\/\/futurasoftware.com\/fs\/wp-content\/uploads\/2016\/03\/DataRest-Pag1-768x628.png 768w, https:\/\/futurasoftware.com\/fs\/wp-content\/uploads\/2016\/03\/DataRest-Pag1-1024x837.png 1024w, https:\/\/futurasoftware.com\/fs\/wp-content\/uploads\/2016\/03\/DataRest-Pag1-940x769.png 940w, https:\/\/futurasoftware.com\/fs\/wp-content\/uploads\/2016\/03\/DataRest-Pag1-460x376.png 460w, https:\/\/futurasoftware.com\/fs\/wp-content\/uploads\/2016\/03\/DataRest-Pag1-600x491.png 600w, https:\/\/futurasoftware.com\/fs\/wp-content\/uploads\/2016\/03\/DataRest-Pag1-110x90.png 110w, https:\/\/futurasoftware.com\/fs\/wp-content\/uploads\/2016\/03\/DataRest-Pag1-680x556.png 680w\" sizes=\"auto, (max-width: 1097px) 100vw, 1097px\" \/><\/a><\/p>\n<p style=\"text-align: left;\"><span style=\"color: #264c84; font-family: Impact; font-size: large; line-height: 1.5em;\">Por qu\u00e9 DataRest<br \/>\n<\/span>Las opciones de <strong>DataRest<\/strong>\u00a0permiten ajustar la frecuencia con que se generan los archivos planos en el servidor as\u00ed como la hora de inicio del proceso y directorio local donde se almacenan copias de respaldo.<br \/>\nGracias a su arquitectura, <strong>DataRest<\/strong>\u00a0permite a los funcionarios de las loterias acceder a y rescatar los datos mas recientes de devoluciones cuando un distribuidor se enfrenta a inconvenientes t\u00e9cnicos que le impidan acceder a su devoluci\u00f3n.<br \/>\n<strong>DataRest<\/strong>\u00a0es la soluci\u00f3n efectiva como plan de contingencia que aprovecha la metodolog\u00eda de lectura offline sin la necesidad de integrar el proceso a un equipo central o en l\u00ednea, cuyos riesgos son altos cuando se presentan fallas en el servidor o internet.<\/p>\n<p style=\"text-align: left;\"><a href=\"http:\/\/futurasoftware.com\/fs\/wp-content\/uploads\/2016\/03\/Folleto-Data-Resp.pdf\" rel=\"attachment wp-att-1147\"><img loading=\"lazy\" decoding=\"async\" class=\"aligncenter wp-image-1147 \" src=\"http:\/\/futurasoftware.com\/fs\/wp-content\/uploads\/2016\/03\/Down-pdf.png\" alt=\"Down pdf\" width=\"88\" height=\"92\" srcset=\"https:\/\/futurasoftware.com\/fs\/wp-content\/uploads\/2016\/03\/Down-pdf.png 181w, https:\/\/futurasoftware.com\/fs\/wp-content\/uploads\/2016\/03\/Down-pdf-86x90.png 86w\" sizes=\"auto, (max-width: 88px) 100vw, 88px\" \/><\/a><\/p>\n","protected":false},"excerpt":{"rendered":"<p>DeDataRest: Un plan de contingencia para las devoluciones, efectivo para loter\u00edas y distribuidores. Por muchos a\u00f1os, los distribuidores de Loter\u00eda se enfrentan a inconvenientes de \u00f3rden legal cuando incumplen con los requerimientos exigidos al momento de enviar las devoluciones. Las razones? &#8230;Las devoluciones pueden dejar de enviarse por inconvenientes de \u00faltima hora, tales como fallas [&hellip;]<\/p>\n","protected":false},"author":1,"featured_media":1166,"parent":0,"menu_order":0,"comment_status":"0","ping_status":"closed","template":"","meta":{"jetpack_post_was_ever_published":false,"footnotes":""},"class_list":["post-1083","page","type-page","status-publish","has-post-thumbnail","hentry"],"jetpack_shortlink":"https:\/\/wp.me\/P5EZSw-ht","jetpack_sharing_enabled":true,"_links":{"self":[{"href":"https:\/\/futurasoftware.com\/fs\/wp-json\/wp\/v2\/pages\/1083","targetHints":{"allow":["GET"]}}],"collection":[{"href":"https:\/\/futurasoftware.com\/fs\/wp-json\/wp\/v2\/pages"}],"about":[{"href":"https:\/\/futurasoftware.com\/fs\/wp-json\/wp\/v2\/types\/page"}],"author":[{"embeddable":true,"href":"https:\/\/futurasoftware.com\/fs\/wp-json\/wp\/v2\/users\/1"}],"replies":[{"embeddable":true,"href":"https:\/\/futurasoftware.com\/fs\/wp-json\/wp\/v2\/comments?post=1083"}],"version-history":[{"count":11,"href":"https:\/\/futurasoftware.com\/fs\/wp-json\/wp\/v2\/pages\/1083\/revisions"}],"predecessor-version":[{"id":1278,"href":"https:\/\/futurasoftware.com\/fs\/wp-json\/wp\/v2\/pages\/1083\/revisions\/1278"}],"wp:featuredmedia":[{"embeddable":true,"href":"https:\/\/futurasoftware.com\/fs\/wp-json\/wp\/v2\/media\/1166"}],"wp:attachment":[{"href":"https:\/\/futurasoftware.com\/fs\/wp-json\/wp\/v2\/media?parent=1083"}],"curies":[{"name":"wp","href":"https:\/\/api.w.org\/{rel}","templated":true}]}}