{"id":1079,"date":"2016-03-13T18:23:31","date_gmt":"2016-03-13T18:23:31","guid":{"rendered":"http:\/\/futurasoftware.com\/fs\/?page_id=1079"},"modified":"2016-03-14T01:31:26","modified_gmt":"2016-03-14T01:31:26","slug":"paraiso","status":"publish","type":"page","link":"https:\/\/futurasoftware.com\/fs\/paraiso\/","title":{"rendered":"Paraiso"},"content":{"rendered":"<p style=\"text-align: left;\"><span style=\"color: #264c84; font-family: Impact; font-size: large; line-height: 1.5em;\">Qu\u00e9 hace Para\u00edso?<br \/>\n<\/span><strong><a href=\"http:\/\/futurasoftware.com\/fs\/paraiso\/\"><img loading=\"lazy\" decoding=\"async\" class=\"alignleft wp-image-1001\" src=\"http:\/\/futurasoftware.com\/fs\/wp-content\/uploads\/2015\/11\/icono-paraiso-web.png\" alt=\"icono paraiso-web\" width=\"84\" height=\"80\" srcset=\"https:\/\/futurasoftware.com\/fs\/wp-content\/uploads\/2015\/11\/icono-paraiso-web.png 119w, https:\/\/futurasoftware.com\/fs\/wp-content\/uploads\/2015\/11\/icono-paraiso-web-94x90.png 94w\" sizes=\"auto, (max-width: 84px) 100vw, 84px\" \/><\/a>Para\u00edso<\/strong> facilita la administraci\u00f3n de toda la informaci\u00f3n producto de las ventas de loter\u00eda de una manera \u00e1gil, f\u00e1cil y confiable.<br \/>\nEl sistema permite llevar a cabo de manera eficiente, los procesos m\u00e1s frecuentes como el registro de ventas de contado y cr\u00e9dito, utilizando como medios de pago: Efectivo, premios, vales de devoluci\u00f3n o cheques. Adem\u00e1s, trasladar billeter\u00eda, premios o efectivo de una caja a otra, como lo hacen las entidades bancarias.<\/p>\n<p><a href=\"http:\/\/futurasoftware.com\/fs\/wp-content\/uploads\/2016\/03\/Doc-Universal-y-devoluciones.png\" rel=\"attachment wp-att-1154\"><img loading=\"lazy\" decoding=\"async\" class=\"alignnone size-full wp-image-1154\" src=\"http:\/\/futurasoftware.com\/fs\/wp-content\/uploads\/2016\/03\/Doc-Universal-y-devoluciones.png\" alt=\"Doc Universal y devoluciones\" width=\"771\" height=\"534\" srcset=\"https:\/\/futurasoftware.com\/fs\/wp-content\/uploads\/2016\/03\/Doc-Universal-y-devoluciones.png 771w, https:\/\/futurasoftware.com\/fs\/wp-content\/uploads\/2016\/03\/Doc-Universal-y-devoluciones-400x277.png 400w, https:\/\/futurasoftware.com\/fs\/wp-content\/uploads\/2016\/03\/Doc-Universal-y-devoluciones-300x208.png 300w, https:\/\/futurasoftware.com\/fs\/wp-content\/uploads\/2016\/03\/Doc-Universal-y-devoluciones-768x532.png 768w, https:\/\/futurasoftware.com\/fs\/wp-content\/uploads\/2016\/03\/Doc-Universal-y-devoluciones-460x319.png 460w, https:\/\/futurasoftware.com\/fs\/wp-content\/uploads\/2016\/03\/Doc-Universal-y-devoluciones-600x416.png 600w, https:\/\/futurasoftware.com\/fs\/wp-content\/uploads\/2016\/03\/Doc-Universal-y-devoluciones-120x83.png 120w, https:\/\/futurasoftware.com\/fs\/wp-content\/uploads\/2016\/03\/Doc-Universal-y-devoluciones-680x471.png 680w\" sizes=\"auto, (max-width: 771px) 100vw, 771px\" \/><\/a><\/p>\n<p>Los anteriores procesos permiten obtener informes acerca del estado de cuenta de los vendedores, vales de devoluci\u00f3n, resumen de ventas de un sorteo, inventario de billeter\u00eda, cuentas por pagar y el cuadre diario de las cajas.<\/p>\n<p><span style=\"color: #264c84; font-family: Impact; font-size: large; line-height: 1.5em;\">Lectura de devoluciones de loter\u00eda<br \/>\n<\/span><strong>Paraiso<\/strong> cuenta con opciones para leer devoluciones y enviarlas a las loterias cumpliendo con los requerimientos de la <strong>Super Intendencia Nacional de Salud.<\/strong><\/p>\n<p><a href=\"http:\/\/futurasoftware.com\/fs\/wp-content\/uploads\/2016\/03\/Devoluciones.png\" rel=\"attachment wp-att-1155\"><img loading=\"lazy\" decoding=\"async\" class=\"alignnone size-full wp-image-1155\" src=\"http:\/\/futurasoftware.com\/fs\/wp-content\/uploads\/2016\/03\/Devoluciones.png\" alt=\"Devoluciones\" width=\"790\" height=\"664\" srcset=\"https:\/\/futurasoftware.com\/fs\/wp-content\/uploads\/2016\/03\/Devoluciones.png 790w, https:\/\/futurasoftware.com\/fs\/wp-content\/uploads\/2016\/03\/Devoluciones-400x336.png 400w, https:\/\/futurasoftware.com\/fs\/wp-content\/uploads\/2016\/03\/Devoluciones-300x252.png 300w, https:\/\/futurasoftware.com\/fs\/wp-content\/uploads\/2016\/03\/Devoluciones-768x646.png 768w, https:\/\/futurasoftware.com\/fs\/wp-content\/uploads\/2016\/03\/Devoluciones-460x387.png 460w, https:\/\/futurasoftware.com\/fs\/wp-content\/uploads\/2016\/03\/Devoluciones-600x504.png 600w, https:\/\/futurasoftware.com\/fs\/wp-content\/uploads\/2016\/03\/Devoluciones-107x90.png 107w, https:\/\/futurasoftware.com\/fs\/wp-content\/uploads\/2016\/03\/Devoluciones-680x572.png 680w\" sizes=\"auto, (max-width: 790px) 100vw, 790px\" \/><\/a><\/p>\n<p><span style=\"color: #264c84; font-family: Impact; font-size: large; line-height: 1.5em;\">Liquidaci\u00f3n de premios.<br \/>\n<\/span>Adem\u00e1s, liquidar los premios y utilizarlos como medio de pago generando los listados de las fracciones premiadas que se anexan a cada liquidaci\u00f3n.<\/p>\n<p><a href=\"http:\/\/futurasoftware.com\/fs\/wp-content\/uploads\/2016\/03\/Premios.png\" rel=\"attachment wp-att-1156\"><img loading=\"lazy\" decoding=\"async\" class=\"alignnone size-full wp-image-1156\" src=\"http:\/\/futurasoftware.com\/fs\/wp-content\/uploads\/2016\/03\/Premios.png\" alt=\"Premios\" width=\"800\" height=\"712\" srcset=\"https:\/\/futurasoftware.com\/fs\/wp-content\/uploads\/2016\/03\/Premios.png 800w, https:\/\/futurasoftware.com\/fs\/wp-content\/uploads\/2016\/03\/Premios-400x356.png 400w, https:\/\/futurasoftware.com\/fs\/wp-content\/uploads\/2016\/03\/Premios-300x267.png 300w, https:\/\/futurasoftware.com\/fs\/wp-content\/uploads\/2016\/03\/Premios-768x684.png 768w, https:\/\/futurasoftware.com\/fs\/wp-content\/uploads\/2016\/03\/Premios-460x409.png 460w, https:\/\/futurasoftware.com\/fs\/wp-content\/uploads\/2016\/03\/Premios-600x534.png 600w, https:\/\/futurasoftware.com\/fs\/wp-content\/uploads\/2016\/03\/Premios-101x90.png 101w, https:\/\/futurasoftware.com\/fs\/wp-content\/uploads\/2016\/03\/Premios-680x605.png 680w\" sizes=\"auto, (max-width: 800px) 100vw, 800px\" \/><\/a><\/p>\n<p><strong>Para\u00edso<\/strong> es para el usuario un verdadero asistente ya que contabiliza de manera completamente autom\u00e1tica cada uno de los documentos, convierti\u00e9ndolo en una herramienta indispensable y competitiva sobre otras alternativas disponibles en el mercado.<\/p>\n<p><span style=\"color: #264c84; font-family: Impact; font-size: large; line-height: 1.5em;\">Interface Multi &#8211; Documento.<\/span><strong><br \/>\n<\/strong>Mejore su productividad haciendo uso de la nueva interface que le permite tener abiertos simult\u00e1neamente documentos y reportes. Como ejemplo, usted puede atender a un cliente con un <strong>Documento Universal<\/strong>,\u00a0 listar un <strong>Resumen de ventas de un sorteo<\/strong> y\u00a0 leer una <strong>Devoluci\u00f3n<\/strong>.<\/p>\n<p><a href=\"http:\/\/futurasoftware.com\/fs\/wp-content\/uploads\/2016\/03\/Multidoc-Universal.png\" rel=\"attachment wp-att-1123\"><img loading=\"lazy\" decoding=\"async\" class=\"alignnone size-full wp-image-1123\" src=\"http:\/\/futurasoftware.com\/fs\/wp-content\/uploads\/2016\/03\/Multidoc-Universal.png\" alt=\"Multidoc-Universal\" width=\"1137\" height=\"767\" srcset=\"https:\/\/futurasoftware.com\/fs\/wp-content\/uploads\/2016\/03\/Multidoc-Universal.png 1137w, https:\/\/futurasoftware.com\/fs\/wp-content\/uploads\/2016\/03\/Multidoc-Universal-400x270.png 400w, https:\/\/futurasoftware.com\/fs\/wp-content\/uploads\/2016\/03\/Multidoc-Universal-300x202.png 300w, https:\/\/futurasoftware.com\/fs\/wp-content\/uploads\/2016\/03\/Multidoc-Universal-768x518.png 768w, https:\/\/futurasoftware.com\/fs\/wp-content\/uploads\/2016\/03\/Multidoc-Universal-1024x691.png 1024w, https:\/\/futurasoftware.com\/fs\/wp-content\/uploads\/2016\/03\/Multidoc-Universal-940x634.png 940w, https:\/\/futurasoftware.com\/fs\/wp-content\/uploads\/2016\/03\/Multidoc-Universal-460x310.png 460w, https:\/\/futurasoftware.com\/fs\/wp-content\/uploads\/2016\/03\/Multidoc-Universal-600x405.png 600w, https:\/\/futurasoftware.com\/fs\/wp-content\/uploads\/2016\/03\/Multidoc-Universal-120x81.png 120w, https:\/\/futurasoftware.com\/fs\/wp-content\/uploads\/2016\/03\/Multidoc-Universal-680x459.png 680w\" sizes=\"auto, (max-width: 1137px) 100vw, 1137px\" \/><\/a><\/p>\n<p><span style=\"color: #264c84; font-family: Impact; font-size: large; line-height: 1.5em;\">Razones para tener Para\u00edso en su empresa.<br \/>\n<\/span>Las siguientes son algunas de las razones por las cuales <strong>Para\u00edso,<\/strong> es la mejor soluci\u00f3n para las necesidades de su empresa:<\/p>\n<ul>\n<li>Agiliza el registro de las . devoluciones y ventas de loter\u00eda.<\/li>\n<li>Proporciona informaci\u00f3n en forma comprensible y oportuna.<\/li>\n<li>Disminuye de una manera considerable el tiempo requerido para la contabilizaci\u00f3n de cada uno de los documentos.<\/li>\n<li>Garantiza exactitud en los informes contables.<\/li>\n<li>Controla el acceso a la informaci\u00f3n mediante la asignaci\u00f3n de claves y niveles de seguridad.<\/li>\n<li>Trabaja en un ambiente gr\u00e1fico que proporciona un agradable y f\u00e1cil manejo.<br \/>\nDispone de herramientas que permiten ubicar y corregir r\u00e1pidamente errores contables.<\/li>\n<li>Lleva registro de los cambios sobre la informaci\u00f3n a trav\u00e9s de un sistema integrado de auditor\u00eda.<\/li>\n<\/ul>\n<p>&nbsp;<\/p>\n<table>\n<tbody>\n<tr>\n<td style=\"text-align: center;\"><strong>Folleto Paraiso<\/strong><\/td>\n<td style=\"text-align: center;\"><strong>Folleto devoluciones<\/strong><\/td>\n<td style=\"text-align: center;\"><strong>Folleto premios<\/strong><\/td>\n<\/tr>\n<tr>\n<td><a href=\"http:\/\/futurasoftware.com\/fs\/wp-content\/uploads\/2016\/03\/Folleto_Paraiso_V70.pdf\" rel=\"attachment wp-att-1147\"><img loading=\"lazy\" decoding=\"async\" class=\"aligncenter wp-image-1147\" src=\"http:\/\/futurasoftware.com\/fs\/wp-content\/uploads\/2016\/03\/Down-pdf.png\" alt=\"Down pdf\" width=\"98\" height=\"102\" srcset=\"https:\/\/futurasoftware.com\/fs\/wp-content\/uploads\/2016\/03\/Down-pdf.png 181w, https:\/\/futurasoftware.com\/fs\/wp-content\/uploads\/2016\/03\/Down-pdf-86x90.png 86w\" sizes=\"auto, (max-width: 98px) 100vw, 98px\" \/><\/a><\/td>\n<td><a href=\"http:\/\/futurasoftware.com\/fs\/wp-content\/uploads\/2016\/03\/Folleto_Paraiso_devoluciones.pdf\" rel=\"attachment wp-att-1147\"><img loading=\"lazy\" decoding=\"async\" class=\"aligncenter wp-image-1147\" src=\"http:\/\/futurasoftware.com\/fs\/wp-content\/uploads\/2016\/03\/Down-pdf.png\" alt=\"Down pdf\" width=\"106\" height=\"110\" srcset=\"https:\/\/futurasoftware.com\/fs\/wp-content\/uploads\/2016\/03\/Down-pdf.png 181w, https:\/\/futurasoftware.com\/fs\/wp-content\/uploads\/2016\/03\/Down-pdf-86x90.png 86w\" sizes=\"auto, (max-width: 106px) 100vw, 106px\" \/><\/a><\/td>\n<td><a href=\"http:\/\/futurasoftware.com\/fs\/wp-content\/uploads\/2016\/03\/Folleto_Paraiso_premios.pdf\" rel=\"attachment wp-att-1147\"><img loading=\"lazy\" decoding=\"async\" class=\"aligncenter wp-image-1147\" src=\"http:\/\/futurasoftware.com\/fs\/wp-content\/uploads\/2016\/03\/Down-pdf.png\" alt=\"Down pdf\" width=\"110\" height=\"115\" srcset=\"https:\/\/futurasoftware.com\/fs\/wp-content\/uploads\/2016\/03\/Down-pdf.png 181w, https:\/\/futurasoftware.com\/fs\/wp-content\/uploads\/2016\/03\/Down-pdf-86x90.png 86w\" sizes=\"auto, (max-width: 110px) 100vw, 110px\" \/><\/a><\/td>\n<\/tr>\n<\/tbody>\n<\/table>\n<p>&nbsp;<\/p>\n","protected":false},"excerpt":{"rendered":"<p>Qu\u00e9 hace Para\u00edso? Para\u00edso facilita la administraci\u00f3n de toda la informaci\u00f3n producto de las ventas de loter\u00eda de una manera \u00e1gil, f\u00e1cil y confiable. El sistema permite llevar a cabo de manera eficiente, los procesos m\u00e1s frecuentes como el registro de ventas de contado y cr\u00e9dito, utilizando como medios de pago: Efectivo, premios, vales de [&hellip;]<\/p>\n","protected":false},"author":1,"featured_media":1140,"parent":0,"menu_order":0,"comment_status":"0","ping_status":"closed","template":"","meta":{"jetpack_post_was_ever_published":false,"footnotes":""},"class_list":["post-1079","page","type-page","status-publish","has-post-thumbnail","hentry"],"jetpack_shortlink":"https:\/\/wp.me\/P5EZSw-hp","jetpack_sharing_enabled":true,"_links":{"self":[{"href":"https:\/\/futurasoftware.com\/fs\/wp-json\/wp\/v2\/pages\/1079","targetHints":{"allow":["GET"]}}],"collection":[{"href":"https:\/\/futurasoftware.com\/fs\/wp-json\/wp\/v2\/pages"}],"about":[{"href":"https:\/\/futurasoftware.com\/fs\/wp-json\/wp\/v2\/types\/page"}],"author":[{"embeddable":true,"href":"https:\/\/futurasoftware.com\/fs\/wp-json\/wp\/v2\/users\/1"}],"replies":[{"embeddable":true,"href":"https:\/\/futurasoftware.com\/fs\/wp-json\/wp\/v2\/comments?post=1079"}],"version-history":[{"count":7,"href":"https:\/\/futurasoftware.com\/fs\/wp-json\/wp\/v2\/pages\/1079\/revisions"}],"predecessor-version":[{"id":1189,"href":"https:\/\/futurasoftware.com\/fs\/wp-json\/wp\/v2\/pages\/1079\/revisions\/1189"}],"wp:featuredmedia":[{"embeddable":true,"href":"https:\/\/futurasoftware.com\/fs\/wp-json\/wp\/v2\/media\/1140"}],"wp:attachment":[{"href":"https:\/\/futurasoftware.com\/fs\/wp-json\/wp\/v2\/media?parent=1079"}],"curies":[{"name":"wp","href":"https:\/\/api.w.org\/{rel}","templated":true}]}}